{"id":141,"date":"2026-05-02T10:35:14","date_gmt":"2026-05-02T10:35:14","guid":{"rendered":"https:\/\/laudanasport.es\/?page_id=141"},"modified":"2026-05-02T10:35:14","modified_gmt":"2026-05-02T10:35:14","slug":"politica-de-privacidad","status":"publish","type":"page","link":"https:\/\/laudanasport.es\/index.php\/politica-de-privacidad\/","title":{"rendered":"Pol\u00edtica de Privacidad"},"content":{"rendered":"\n<p><\/p>\n\n\n\n<hr class=\"wp-block-separator has-alpha-channel-opacity\"\/>\n\n\n\n<h1 class=\"wp-block-heading\"><\/h1>\n\n\n\n<h2 class=\"wp-block-heading\">1. INFORMACI\u00d3N AL USUARIO<\/h2>\n\n\n\n<h3 class=\"wp-block-heading\">\u00bfQui\u00e9n es el responsable del tratamiento de tus datos personales?<\/h3>\n\n\n\n<p><strong>Pinone, S.L.<\/strong> es el <strong>RESPONSABLE<\/strong> del tratamiento de los datos personales del <strong>USUARIO<\/strong> y le informa de que estos datos ser\u00e1n tratados de conformidad con lo dispuesto en el <strong>Reglamento (UE) 2016\/679, de 27 de abril \u2014 RGPD<\/strong>, y la <strong>Ley Org\u00e1nica 3\/2018, de 5 de diciembre \u2014 LOPDGDD<\/strong>.<\/p>\n\n\n\n<p><strong>Datos del responsable:<\/strong><\/p>\n\n\n\n<p><strong>Denominaci\u00f3n social:<\/strong> Pinone, S.L.<br><strong>Nombre comercial:<\/strong> Laudana Sport<br><strong>Sitio web:<\/strong> <a href=\"https:\/\/laudanasport.es\/\">https:\/\/laudanasport.es\/<\/a><br><strong>Domicilio social:<\/strong> C\/ Tecnolog\u00eda, 27, 41120 Gelves, Sevilla<br><strong>Tel\u00e9fono:<\/strong> 659 203 744<br><strong>E-mail:<\/strong> <a href=\"mailto:info@laudana.es\">info@laudana.es<\/a><\/p>\n\n\n\n<h3 class=\"wp-block-heading\">\u00bfPara qu\u00e9 tratamos tus datos personales y por qu\u00e9 lo hacemos?<\/h3>\n\n\n\n<p>Seg\u00fan el formulario donde hayamos obtenido sus datos personales, los trataremos de manera confidencial para alcanzar los siguientes fines:<\/p>\n\n\n\n<h3 class=\"wp-block-heading\">En el formulario de contacto<\/h3>\n\n\n\n<ul class=\"wp-block-list\">\n<li>Dar respuesta a las consultas o cualquier tipo de petici\u00f3n que sea realizada por el usuario a trav\u00e9s de cualquiera de las formas de contacto que se ponen a su disposici\u00f3n en la p\u00e1gina web del responsable.<br><strong>Base jur\u00eddica:<\/strong> inter\u00e9s leg\u00edtimo del responsable, art. 6.1.f RGPD.<\/li>\n\n\n\n<li>Enviar comunicaciones comerciales publicitarias por e-mail, SMS, redes sociales o cualquier otro medio electr\u00f3nico o f\u00edsico, presente o futuro, que posibilite realizar comunicaciones comerciales. Estas comunicaciones ser\u00e1n realizadas por el responsable y estar\u00e1n relacionadas con sus productos y servicios, o con los de sus colaboradores o proveedores con los que este haya alcanzado alg\u00fan acuerdo de promoci\u00f3n. En este caso, los terceros nunca tendr\u00e1n acceso a los datos personales.<br><strong>Base jur\u00eddica:<\/strong> consentimiento del interesado, art. 6.1.a RGPD.<\/li>\n\n\n\n<li>Realizar an\u00e1lisis estad\u00edsticos y estudios de mercado.<br><strong>Base jur\u00eddica:<\/strong> inter\u00e9s leg\u00edtimo del responsable, art. 6.1.f RGPD.<\/li>\n<\/ul>\n\n\n\n<h3 class=\"wp-block-heading\">En el formulario de donaciones, en caso de estar disponible<\/h3>\n\n\n\n<ul class=\"wp-block-list\">\n<li>Gestionar y cumplir las obligaciones legales derivadas de la donaci\u00f3n realizada por el usuario.<br><strong>Base jur\u00eddica:<\/strong> cumplimiento de una obligaci\u00f3n legal, art. 6.1.c RGPD.<\/li>\n<\/ul>\n\n\n\n<h3 class=\"wp-block-heading\">\u00bfDurante cu\u00e1nto tiempo guardaremos tus datos personales?<\/h3>\n\n\n\n<p>Los datos personales se conservar\u00e1n durante no m\u00e1s tiempo del necesario para mantener la finalidad del tratamiento, o mientras existan prescripciones legales que obliguen a su custodia.<\/p>\n\n\n\n<p>Cuando ya no sean necesarios para dichos fines, se suprimir\u00e1n con medidas de seguridad adecuadas para garantizar la anonimizaci\u00f3n de los datos o la destrucci\u00f3n total de los mismos.<\/p>\n\n\n\n<h3 class=\"wp-block-heading\">\u00bfA qui\u00e9n facilitamos tus datos personales?<\/h3>\n\n\n\n<p>No est\u00e1 prevista ninguna comunicaci\u00f3n de datos personales a terceros, salvo que sea necesario para el desarrollo y ejecuci\u00f3n de las finalidades del tratamiento.<\/p>\n\n\n\n<p>En su caso, podr\u00e1n comunicarse datos a proveedores de servicios relacionados con comunicaciones, alojamiento web, mantenimiento t\u00e9cnico, gesti\u00f3n administrativa u otros servicios necesarios para el funcionamiento del sitio web. Con dichos proveedores, el <strong>RESPONSABLE<\/strong> tendr\u00e1 suscritos los correspondientes contratos de confidencialidad y de encargado del tratamiento exigidos por la normativa vigente en materia de protecci\u00f3n de datos.<\/p>\n\n\n\n<h3 class=\"wp-block-heading\">\u00bfCu\u00e1les son tus derechos?<\/h3>\n\n\n\n<p>Los derechos que asisten al <strong>USUARIO<\/strong> son:<\/p>\n\n\n\n<ul class=\"wp-block-list\">\n<li>Derecho a retirar el consentimiento en cualquier momento.<\/li>\n\n\n\n<li>Derecho de acceso, rectificaci\u00f3n, portabilidad y supresi\u00f3n de sus datos.<\/li>\n\n\n\n<li>Derecho de limitaci\u00f3n u oposici\u00f3n al tratamiento de sus datos.<\/li>\n\n\n\n<li>Derecho a presentar una reclamaci\u00f3n ante la autoridad de control, la Agencia Espa\u00f1ola de Protecci\u00f3n de Datos, a trav\u00e9s de <strong><a href=\"http:\/\/www.aepd.es\">www.aepd.es<\/a><\/strong>, si considera que el tratamiento no se ajusta a la normativa vigente.<\/li>\n<\/ul>\n\n\n\n<h3 class=\"wp-block-heading\">Datos de contacto para ejercer sus derechos<\/h3>\n\n\n\n<p>Para ejercer sus derechos, el usuario puede dirigirse al <strong>RESPONSABLE<\/strong> a trav\u00e9s de los siguientes datos de contacto:<\/p>\n\n\n\n<p><strong>Pinone, S.L.<\/strong><br>C\/ Tecnolog\u00eda, 27<br>41120 Gelves, Sevilla<br><strong>E-mail:<\/strong> <a href=\"mailto:info@laudana.es\">info@laudana.es<\/a><br><strong>Tel\u00e9fono:<\/strong> 659 203 744<\/p>\n\n\n\n<h2 class=\"wp-block-heading\">2. CAR\u00c1CTER OBLIGATORIO O FACULTATIVO DE LA INFORMACI\u00d3N FACILITADA POR EL USUARIO<\/h2>\n\n\n\n<p>Los <strong>USUARIOS<\/strong>, mediante la marcaci\u00f3n de las casillas correspondientes y la entrada de datos en los campos marcados con un asterisco <code>(*)<\/code> en el formulario de contacto, formularios de registro, formularios de compra o cualquier otro formulario disponible en el sitio web, aceptan expresamente y de forma libre e inequ\u00edvoca que sus datos son necesarios para atender su petici\u00f3n por parte del prestador.<\/p>\n\n\n\n<p>La inclusi\u00f3n de datos en los campos restantes ser\u00e1 voluntaria.<\/p>\n\n\n\n<p>El <strong>USUARIO<\/strong> garantiza que los datos personales facilitados al <strong>RESPONSABLE<\/strong> son veraces y se hace responsable de comunicar cualquier modificaci\u00f3n de los mismos.<\/p>\n\n\n\n<p>El <strong>RESPONSABLE<\/strong> informa de que todos los datos solicitados a trav\u00e9s del sitio web que est\u00e9n marcados como obligatorios son necesarios para la prestaci\u00f3n de un servicio \u00f3ptimo al <strong>USUARIO<\/strong>. En caso de que no se faciliten todos los datos obligatorios, no se garantiza que la informaci\u00f3n, servicios o solicitudes gestionadas sean completamente ajustados a sus necesidades.<\/p>\n\n\n\n<h2 class=\"wp-block-heading\">3. MEDIDAS DE SEGURIDAD<\/h2>\n\n\n\n<p>De conformidad con lo dispuesto en la normativa vigente en materia de protecci\u00f3n de datos personales, el <strong>RESPONSABLE<\/strong> est\u00e1 cumpliendo con todas las disposiciones del <strong>RGPD<\/strong> y la <strong>LOPDGDD<\/strong> para el tratamiento de los datos personales de su responsabilidad.<\/p>\n\n\n\n<p>Asimismo, el <strong>RESPONSABLE<\/strong> manifiesta que cumple con los principios descritos en el art\u00edculo 5 del <strong>RGPD<\/strong>, por los cuales los datos personales son tratados de manera l\u00edcita, leal y transparente en relaci\u00f3n con el interesado, y son adecuados, pertinentes y limitados a lo necesario en relaci\u00f3n con los fines para los que son tratados.<\/p>\n\n\n\n<p>El <strong>RESPONSABLE<\/strong> garantiza que ha implementado pol\u00edticas t\u00e9cnicas y organizativas apropiadas para aplicar las medidas de seguridad establecidas por el <strong>RGPD<\/strong> y la <strong>LOPDGDD<\/strong>, con el fin de proteger los derechos y libertades de los <strong>USUARIOS<\/strong>.<\/p>\n\n\n\n<p>Asimismo, el <strong>RESPONSABLE<\/strong> ha facilitado a los usuarios la informaci\u00f3n adecuada para que puedan ejercer sus derechos en materia de protecci\u00f3n de datos.<\/p>\n\n\n\n<p>Para m\u00e1s informaci\u00f3n sobre las garant\u00edas de privacidad, el usuario puede dirigirse al <strong>RESPONSABLE<\/strong> a trav\u00e9s de:<\/p>\n\n\n\n<p><strong>Pinone, S.L.<\/strong><br>C\/ Tecnolog\u00eda, 27<br>41120 Gelves, Sevilla<br><strong>E-mail:<\/strong> <a href=\"mailto:info@laudana.es\">info@laudana.es<\/a><br><strong>Tel\u00e9fono:<\/strong> 659 203 744<\/p>\n","protected":false},"excerpt":{"rendered":"<p>1. INFORMACI\u00d3N AL USUARIO \u00bfQui\u00e9n es el responsable del tratamiento de tus datos personales? Pinone, S.L. es el RESPONSABLE del tratamiento de los datos personales del USUARIO y le informa de que estos datos ser\u00e1n tratados de conformidad con lo dispuesto en el Reglamento (UE) 2016\/679, de 27 de abril \u2014 RGPD, y la Ley [&hellip;]<\/p>\n","protected":false},"author":1,"featured_media":0,"parent":0,"menu_order":0,"comment_status":"closed","ping_status":"closed","template":"","meta":{"footnotes":""},"class_list":["post-141","page","type-page","status-publish","hentry"],"_links":{"self":[{"href":"https:\/\/laudanasport.es\/index.php\/wp-json\/wp\/v2\/pages\/141","targetHints":{"allow":["GET"]}}],"collection":[{"href":"https:\/\/laudanasport.es\/index.php\/wp-json\/wp\/v2\/pages"}],"about":[{"href":"https:\/\/laudanasport.es\/index.php\/wp-json\/wp\/v2\/types\/page"}],"author":[{"embeddable":true,"href":"https:\/\/laudanasport.es\/index.php\/wp-json\/wp\/v2\/users\/1"}],"replies":[{"embeddable":true,"href":"https:\/\/laudanasport.es\/index.php\/wp-json\/wp\/v2\/comments?post=141"}],"version-history":[{"count":1,"href":"https:\/\/laudanasport.es\/index.php\/wp-json\/wp\/v2\/pages\/141\/revisions"}],"predecessor-version":[{"id":142,"href":"https:\/\/laudanasport.es\/index.php\/wp-json\/wp\/v2\/pages\/141\/revisions\/142"}],"wp:attachment":[{"href":"https:\/\/laudanasport.es\/index.php\/wp-json\/wp\/v2\/media?parent=141"}],"curies":[{"name":"wp","href":"https:\/\/api.w.org\/{rel}","templated":true}]}}